{"id":2108,"date":"2025-09-11T06:55:56","date_gmt":"2025-09-11T06:55:56","guid":{"rendered":"https:\/\/fitoplacton.shop\/?post_type=product&#038;p=2108"},"modified":"2025-10-08T21:34:33","modified_gmt":"2025-10-08T21:34:33","slug":"fitoplancton-4-copia","status":"publish","type":"product","link":"https:\/\/fitoplacton.shop\/?product=fitoplancton-4-copia","title":{"rendered":"Fitoplancton 4 (frascos)"},"content":{"rendered":"<p>Un potente limpiador glandular y celular, ayuda firmemente a expulsar todas las sustancias a las que d\u00eda a d\u00eda estamos siendo contaminados, causando una combusti\u00f3n energ\u00e9tica de revitalizaci\u00f3n y potencia nutrimental.<\/p>\n<p>Todo esto es sometido a una fuerte carga energ\u00e9tica que activa y beneficia potentemente el cuerpo limpiando, protegiendo, reparando y nutriendo micro celularmente pues ayuda al fibroblasto que es la c\u00e9lula responsable de la formaci\u00f3n y mantenimiento del tejido conectivo, activando y ayudando en los procesos de cicatrizaci\u00f3n y reparaci\u00f3n de heridas.<\/p>\n<p>Al penetrar en las paredes celulares, las membranas celulares, el cerebro y a nivel neuronal, atrapando y extrayendo del interior de las c\u00e9lulas los iones de metal y otros t\u00f3xicos indeseables que el cuerpo mismo no puede depurar o no llega a atrapar. A continuaci\u00f3n, env\u00eda estos t\u00f3xicos a la sangre donde son atrapados, impidiendo que se fijen en ning\u00fan \u00f3rgano de nuestro cuerpo ya sea por la comida procesada que consumimos, los productos para el cuidado y la higiene, el agua que tomamos o el aire contaminado que respiramos.<\/p>\n<p>Su composici\u00f3n incluye \u00e1cidos grasos omega-3, amino\u00e1cidos, vitaminas y minerales que contribuyen a fortalecer el sistema inmunol\u00f3gico y mejorar la salud cardiovascular.<\/p>\n<p>Es un mineral biogen\u00e9tico altamente abrasivo para sustancias no optimas al cuerpo, Absorbe, las endotoxinas, virus, polio virus, el metilmercurio, residuos de plaguicidas, metales t\u00f3xicos como cadmio, plomo, mercurio, cromo, aluminio, ars\u00e9nico, talio, organofosforados, E. coli, y residuos de medicamentos; es un limpiador de colon natural y desintoxicante.<\/p>\n<p>&nbsp;<\/p>\n","protected":false},"excerpt":{"rendered":"<p>4 frascos de potente limpiador y regenerador celular.<\/p>\n<p>&nbsp;<\/p>\n","protected":false},"featured_media":2109,"comment_status":"open","ping_status":"closed","template":"","meta":{"_uag_custom_page_level_css":"","site-sidebar-layout":"default","site-content-layout":"content-boxed-container","ast-site-content-layout":"normal-width-container","site-content-style":"boxed","site-sidebar-style":"default","ast-global-header-display":"","ast-banner-title-visibility":"","ast-main-header-display":"","ast-hfb-above-header-display":"","ast-hfb-below-header-display":"","ast-hfb-mobile-header-display":"","site-post-title":"","ast-breadcrumbs-content":"","ast-featured-img":"","footer-sml-layout":"","theme-transparent-header-meta":"enabled","adv-header-id-meta":"","stick-header-meta":"","header-above-stick-meta":"","header-main-stick-meta":"","header-below-stick-meta":"","astra-migrate-meta-layouts":"set","ast-page-background-enabled":"default","ast-page-background-meta":{"desktop":{"background-color":"var(--ast-global-color-4)","background-image":"","background-repeat":"repeat","background-position":"center center","background-size":"auto","background-attachment":"scroll","background-type":"","background-media":"","overlay-type":"","overlay-color":"","overlay-opacity":"","overlay-gradient":""},"tablet":{"background-color":"","background-image":"","background-repeat":"repeat","background-position":"center center","background-size":"auto","background-attachment":"scroll","background-type":"","background-media":"","overlay-type":"","overlay-color":"","overlay-opacity":"","overlay-gradient":""},"mobile":{"background-color":"","background-image":"","background-repeat":"repeat","background-position":"center center","background-size":"auto","background-attachment":"scroll","background-type":"","background-media":"","overlay-type":"","overlay-color":"","overlay-opacity":"","overlay-gradient":""}},"ast-content-background-meta":{"desktop":{"background-color":"var(--ast-global-color-5)","background-image":"","background-repeat":"repeat","background-position":"center center","background-size":"auto","background-attachment":"scroll","background-type":"","background-media":"","overlay-type":"","overlay-color":"","overlay-opacity":"","overlay-gradient":""},"tablet":{"background-color":"var(--ast-global-color-5)","background-image":"","background-repeat":"repeat","background-position":"center center","background-size":"auto","background-attachment":"scroll","background-type":"","background-media":"","overlay-type":"","overlay-color":"","overlay-opacity":"","overlay-gradient":""},"mobile":{"background-color":"var(--ast-global-color-5)","background-image":"","background-repeat":"repeat","background-position":"center center","background-size":"auto","background-attachment":"scroll","background-type":"","background-media":"","overlay-type":"","overlay-color":"","overlay-opacity":"","overlay-gradient":""}}},"product_brand":[],"product_cat":[38,39,37],"product_tag":[],"class_list":{"0":"post-2108","1":"product","2":"type-product","3":"status-publish","4":"has-post-thumbnail","6":"product_cat-nutricional","7":"product_cat-organico","8":"product_cat-vegano","9":"desktop-align-left","10":"tablet-align-left","11":"mobile-align-left","13":"first","14":"instock","15":"sale","16":"shipping-taxable","17":"purchasable","18":"product-type-simple"},"uagb_featured_image_src":{"full":["https:\/\/fitoplacton.shop\/wp-content\/uploads\/2025\/09\/ImgTn4.png",1080,1080,false],"thumbnail":["https:\/\/fitoplacton.shop\/wp-content\/uploads\/2025\/09\/ImgTn4-150x150.png",150,150,true],"medium":["https:\/\/fitoplacton.shop\/wp-content\/uploads\/2025\/09\/ImgTn4-300x300.png",300,300,true],"medium_large":["https:\/\/fitoplacton.shop\/wp-content\/uploads\/2025\/09\/ImgTn4-768x768.png",768,768,true],"large":["https:\/\/fitoplacton.shop\/wp-content\/uploads\/2025\/09\/ImgTn4-1024x1024.png",1024,1024,true],"1536x1536":["https:\/\/fitoplacton.shop\/wp-content\/uploads\/2025\/09\/ImgTn4.png",1080,1080,false],"2048x2048":["https:\/\/fitoplacton.shop\/wp-content\/uploads\/2025\/09\/ImgTn4.png",1080,1080,false],"woocommerce_thumbnail":["https:\/\/fitoplacton.shop\/wp-content\/uploads\/2025\/09\/ImgTn4-300x300.png",300,300,true],"woocommerce_single":["https:\/\/fitoplacton.shop\/wp-content\/uploads\/2025\/09\/ImgTn4-600x600.png",600,600,true],"woocommerce_gallery_thumbnail":["https:\/\/fitoplacton.shop\/wp-content\/uploads\/2025\/09\/ImgTn4-100x100.png",100,100,true]},"uagb_author_info":{"display_name":"Tradici\u00f3n Natural","author_link":"https:\/\/fitoplacton.shop\/?author=0"},"uagb_comment_info":0,"uagb_excerpt":"4 frascos de potente limpiador y regenerador celular. &nbsp;","_links":{"self":[{"href":"https:\/\/fitoplacton.shop\/index.php?rest_route=\/wp\/v2\/product\/2108","targetHints":{"allow":["GET"]}}],"collection":[{"href":"https:\/\/fitoplacton.shop\/index.php?rest_route=\/wp\/v2\/product"}],"about":[{"href":"https:\/\/fitoplacton.shop\/index.php?rest_route=\/wp\/v2\/types\/product"}],"replies":[{"embeddable":true,"href":"https:\/\/fitoplacton.shop\/index.php?rest_route=%2Fwp%2Fv2%2Fcomments&post=2108"}],"wp:featuredmedia":[{"embeddable":true,"href":"https:\/\/fitoplacton.shop\/index.php?rest_route=\/wp\/v2\/media\/2109"}],"wp:attachment":[{"href":"https:\/\/fitoplacton.shop\/index.php?rest_route=%2Fwp%2Fv2%2Fmedia&parent=2108"}],"wp:term":[{"taxonomy":"product_brand","embeddable":true,"href":"https:\/\/fitoplacton.shop\/index.php?rest_route=%2Fwp%2Fv2%2Fproduct_brand&post=2108"},{"taxonomy":"product_cat","embeddable":true,"href":"https:\/\/fitoplacton.shop\/index.php?rest_route=%2Fwp%2Fv2%2Fproduct_cat&post=2108"},{"taxonomy":"product_tag","embeddable":true,"href":"https:\/\/fitoplacton.shop\/index.php?rest_route=%2Fwp%2Fv2%2Fproduct_tag&post=2108"}],"curies":[{"name":"wp","href":"https:\/\/api.w.org\/{rel}","templated":true}]}}