{"id":1008,"date":"2025-09-04T16:06:00","date_gmt":"2025-09-04T16:06:00","guid":{"rendered":"https:\/\/fitoplacton.shop\/home\/"},"modified":"2025-10-08T22:31:32","modified_gmt":"2025-10-08T22:31:32","slug":"home","status":"publish","type":"page","link":"https:\/\/fitoplacton.shop\/","title":{"rendered":"INICIO"},"content":{"rendered":"\n<div class=\"wp-block-uagb-container uagb-block-0853bbbc alignfull uagb-is-root-container\"><div class=\"uagb-container-inner-blocks-wrap\">\n<div class=\"wp-block-uagb-info-box uagb-block-80f427ef uagb-infobox__content-wrap  uagb-infobox-icon-above-title uagb-infobox-image-valign-top wp-block-uagb-info-box--has-margin\" id=\"https:\/\/fitoplacton.shop\/wp-admin\/customize.php?autofocus[section]=woocommerce_product_catalog\"><div class=\"uagb-infobox-margin-wrapper\"><div class=\"uagb-ifb-content\"><div class=\"uagb-ifb-title-wrap\"><h6 class=\"uagb-ifb-title-prefix\">bienvenido a UNA <strong><mark style=\"background-color:var(--ast-global-color-8)\" class=\"has-inline-color has-ast-global-color-1-color\">tradicion naturAL<\/mark><\/strong> de nuestro planeta<gwmw style=\"display:none;\"><gwmw style=\"display:none;\"><gwmw style=\"display:none;\"><gwmw style=\"display:none;\"><\/gwmw><\/gwmw><\/gwmw><\/gwmw><\/h6><h1 class=\"uagb-ifb-title\">FITOPLANCTON<br><gwmw style=\"display:none;\"><\/gwmw><\/h1><\/div><div class=\"uagb-ifb-button-wrapper wp-block-button\"><a href=\"https:\/\/fitoplacton.shop\/?post_type=product\" class=\"uagb-infobox-cta-link wp-block-button__link\" target=\"_blank\" rel=\"noopener noreferrer\" onclick=\"return true;\"><span class=\"uagb-inline-editing\">Comprar <\/span><\/a><\/div><\/div><\/div><\/div>\n<\/div><\/div>\n\n\n\n<div class=\"wp-block-uagb-advanced-heading uagb-block-a073805a\"><div class=\"uagb-separator\"><\/div><h5 class=\"uagb-heading-text\"><em>Poderosa microalga que produce el planeta desde hace m\u00e1s de 3000 millones de a\u00f1os es la base de la vida oce\u00e1nica, transforma el CO2 en ox\u00edgeno es responsable de generar el latido del coraz\u00f3n de nuestro planeta, manteniendo as\u00ed toda la vida.<\/em><\/h5><\/div>\n\n\n\n<div class=\"wp-block-uagb-info-box uagb-block-a66e9ef5 uagb-infobox__content-wrap  uagb-infobox-icon-above-title uagb-infobox-image-valign-top wp-block-uagb-info-box--has-margin\"><div class=\"uagb-infobox-margin-wrapper\"><div class=\"uagb-ifb-content\"><div class=\"uagb-ifb-title-wrap\"><h6 class=\"uagb-ifb-title-prefix\">nuestra historia<gwmw style=\"display:none;\"><\/gwmw><\/h6><h2 class=\"uagb-ifb-title\">Es para la gente que busca sanar.<\/h2><\/div><p class=\"uagb-ifb-desc\">El suplemento de fitoplancton es un potente limpiador glandular y celular, ayuda firmemente a expulsar todas las sustancias a las que d\u00eda a d\u00eda estamos siendo contaminados, este suplemento contiene cianofitus, algas verdes, y distintos tipos de diatomeas capaces de generar una potente combusti\u00f3n, limpieza y causar nutrici\u00f3n al cuerpo micro celularmente.<gwmw style=\"display:none;\"><\/gwmw><\/p><div class=\"uagb-ifb-button-wrapper wp-block-button\"><a href=\"https:\/\/fitoplacton.shop\/?page_id=1002\" class=\"uagb-infobox-cta-link wp-block-button__link\" target=\"_self\" rel=\"noopener noreferrer\" onclick=\"return true;\"><span class=\"uagb-inline-editing\">Read More<\/span><\/a><\/div><\/div><\/div><\/div>\n\n\n\n<div class=\"wp-block-uagb-container uagb-block-3b7decd0 alignfull uagb-is-root-container\"><div class=\"uagb-container-inner-blocks-wrap\"><\/div><\/div>\n\n\n\n<div class=\"wp-block-uagb-container uagb-block-ca841bf0 alignfull uagb-is-root-container\">\n<details class=\"wp-block-details is-layout-flow wp-container-core-details-is-layout-8a368f38 wp-block-details-is-layout-flow\"><summary><\/summary>\n<p><\/p>\n<\/details>\n<\/div>\n\n\n\n<div class=\"wp-block-uagb-container uagb-block-f517ed11 alignfull uagb-is-root-container\"><div class=\"uagb-container-inner-blocks-wrap\">\n<div class=\"wp-block-uagb-call-to-action uagb-block-b4621b5c wp-block-button\"><div class=\"uagb-cta__wrap\"><h2 class=\"uagb-cta__title\">Fitoplancton<\/h2><p class=\"uagb-cta__desc\">Click here to change this text. Lorem ipsum dolor sit amet, consectetur adipiscing elit. Ut elit tellus, luctus nec ullamcorper mattis, pulvinar dapibus leo.<\/p><\/div><div class=\"uagb-cta__buttons\"><a href=\"https:\/\/fitoplacton.shop\/?post_type=product\" class=\"uagb-cta__button-link-wrapper wp-block-button__link\" target=\"_self\" rel=\"noopener noreferrer\">Shop Now<\/a><\/div><\/div>\n\n\n<div class=\"woocommerce columns-3 \"><\/div>\n<\/div><\/div>\n\n\n\n<div class=\"wp-block-uagb-container uagb-block-5be10308 alignfull uagb-is-root-container\"><div class=\"uagb-container-inner-blocks-wrap\">\n<div class=\"wp-block-uagb-advanced-heading uagb-block-af5d9df1\"><h2 class=\"uagb-heading-text\">Lo que dicen nuestros clientes:<\/h2><div class=\"uagb-separator\"><\/div><\/div>\n\n\n\n<div class=\"wp-block-uagb-container uagb-block-b81ecab3\">\n<div class=\"wp-block-uagb-container uagb-block-c4ad7277\">      \n\t\t\t<div class=\"uagb-icon-wrapper uagb-block-d99b2bbd      \"\n\t\t\tstyle=\"\" >\n\t\t\t\t\t\t\t\t\t<span class=\"uagb-svg-wrapper\" \n\t\t\t\t\t aria-label=\"quote-left\"\t\t\t\t\ttabindex=\"0\">\t\t\n\t\t\t\t\t\t\t\t\t\t<svg xmlns=\"https:\/\/www.w3.org\/2000\/svg\" viewBox= \"0 0 448 512\" role=\"graphics-symbol\" aria-hidden=\"false\" aria-label=\"\"><path d=\"M96 224C84.72 224 74.05 226.3 64 229.9V224c0-35.3 28.7-64 64-64c17.67 0 32-14.33 32-32S145.7 96 128 96C57.42 96 0 153.4 0 224v96c0 53.02 42.98 96 96 96s96-42.98 96-96S149 224 96 224zM352 224c-11.28 0-21.95 2.305-32 5.879V224c0-35.3 28.7-64 64-64c17.67 0 32-14.33 32-32s-14.33-32-32-32c-70.58 0-128 57.42-128 128v96c0 53.02 42.98 96 96 96s96-42.98 96-96S405 224 352 224z\"><\/path><\/svg>\n\t\t\t\t\t\t\t\t\t<\/span>\n\t\t\t\t\t\t\t<\/div>\n\t\t\t\n\n\n<div class=\"wp-block-uagb-testimonial uagb-slick-carousel uagb-tm__arrow-outside uagb-block-86e88319 uagb-post__carousel_notset uagb-post__carousel_notset-tablet uagb-post__carousel_notset-mobile\"><div class=\"is-carousel uagb-tm__columns-1 uagb-tm__items\"><div class=\"uagb-testimonial__wrap  uagb-tm__imgicon-style-circle uagb-tm__image-position-bottom uagb-tm__bg-type-none \"><div class=\"uagb-tm__content\"><div class=\"uagb-tm__overlay\"><\/div><div class=\"uagb-tm__text-wrap\"><div class=\"uagb-tm__desc\">Tengo 67 a\u00f1os tengo hernias en toda la columna tengo 5 tipos de artritis presi\u00f3n arterial alta az\u00facar alta tengo movilidad de un 100 solo tengo 20 porciento desde que descubr\u00ed el fitoplancton no puedo dejar de comprarla, mi presi\u00f3n cuando voy al imss mejora al grado de tener la \u00faltima vez 119 79 mis dolores de cabeza se me quitan con un cucharada pastelera en minutos requisito tomar agua mi calidad de vida ha mejorado sustantivamente mis molestias de ri\u00f1\u00f3n mi dolor en mi h\u00edgado y ap\u00e9ndice se ha disminuido es un suplemento que de inmediato se nota su presencia no como otros que hay que comprar 4 o 5 unidades para ver resultados.<\/div><div class=\"uagb-tm__meta-inner\"><div class=\"uagb-tm__image-content\"><div class=\"uagb-tm__image\"><img decoding=\"async\" class=\"uagb-tm-img-src\" src=\"https:\/\/fitoplacton.shop\/wp-content\/uploads\/2025\/09\/ppaginaweb-e1757006087408.png\" alt=\"ppaginaweb\" width=\"40\" height=\"34\" loading=\"lazy\" title=\"INICIO\"><\/div><\/div><div class=\"uagb-testimonial-details\"><span class=\"uagb-tm__author-name\">victor vega <\/span><span class=\"uagb-tm__company\">Company Name<\/span><\/div><\/div><\/div><\/div><\/div><\/div><\/div>\n<\/div>\n\n\n\n<div class=\"wp-block-uagb-container uagb-block-9a621be4\">      \n\t\t\t<div class=\"uagb-icon-wrapper uagb-block-12f4e698      \"\n\t\t\tstyle=\"\" >\n\t\t\t\t\t\t\t\t\t<span class=\"uagb-svg-wrapper\" \n\t\t\t\t\t aria-label=\"quote-left\"\t\t\t\t\ttabindex=\"0\">\t\t\n\t\t\t\t\t\t\t\t\t\t<svg xmlns=\"https:\/\/www.w3.org\/2000\/svg\" viewBox= \"0 0 448 512\" role=\"graphics-symbol\" aria-hidden=\"false\" aria-label=\"\"><path d=\"M96 224C84.72 224 74.05 226.3 64 229.9V224c0-35.3 28.7-64 64-64c17.67 0 32-14.33 32-32S145.7 96 128 96C57.42 96 0 153.4 0 224v96c0 53.02 42.98 96 96 96s96-42.98 96-96S149 224 96 224zM352 224c-11.28 0-21.95 2.305-32 5.879V224c0-35.3 28.7-64 64-64c17.67 0 32-14.33 32-32s-14.33-32-32-32c-70.58 0-128 57.42-128 128v96c0 53.02 42.98 96 96 96s96-42.98 96-96S405 224 352 224z\"><\/path><\/svg>\n\t\t\t\t\t\t\t\t\t<\/span>\n\t\t\t\t\t\t\t<\/div>\n\t\t\t\n\n\n<div class=\"wp-block-uagb-testimonial uagb-slick-carousel uagb-tm__arrow-outside uagb-block-9fa6b616 uagb-post__carousel_notset uagb-post__carousel_notset-tablet uagb-post__carousel_notset-mobile\"><div class=\"is-carousel uagb-tm__columns-1 uagb-tm__items\"><div class=\"uagb-testimonial__wrap  uagb-tm__imgicon-style-circle uagb-tm__image-position-bottom uagb-tm__bg-type-none \"><div class=\"uagb-tm__content\"><div class=\"uagb-tm__overlay\"><\/div><div class=\"uagb-tm__text-wrap\"><div class=\"uagb-tm__desc\">Yo me cuido, tengo una alimentaci\u00f3n especial, he seguido normas de desparasitare y tengo un cuerpo limpio y sano pero este suplemento me sigue asombrando, lo dejo de tomar y comienzo con molestias estomacales, la verdad me funciona much\u00edsimo, me ayuda mucho a mantener limpio mi cuerpo. Ahora solo lo tomo preventivo, me dura m\u00e1s el frasco, lo tomo cada 3 er d\u00eda y me funciona de maravilla.<\/div><div class=\"uagb-tm__meta-inner\"><div class=\"uagb-tm__image-content\"><div class=\"uagb-tm__image\"><img decoding=\"async\" class=\"uagb-tm-img-src\" src=\"https:\/\/fitoplacton.shop\/wp-content\/uploads\/2025\/09\/ppaginaweb-e1757006087408.png\" alt=\"ppaginaweb\" width=\"40\" height=\"34\" loading=\"lazy\" title=\"INICIO\"><\/div><\/div><div class=\"uagb-testimonial-details\"><span class=\"uagb-tm__author-name\">Alicia jimenez <\/span><span class=\"uagb-tm__company\">Company Name<\/span><\/div><\/div><\/div><\/div><\/div><\/div><\/div>\n<\/div>\n\n\n\n<div class=\"wp-block-uagb-container uagb-block-fd254e6f\">      \n\t\t\t<div class=\"uagb-icon-wrapper uagb-block-c45cb127      \"\n\t\t\tstyle=\"\" >\n\t\t\t\t\t\t\t\t\t<span class=\"uagb-svg-wrapper\" \n\t\t\t\t\t aria-label=\"quote-left\"\t\t\t\t\ttabindex=\"0\">\t\t\n\t\t\t\t\t\t\t\t\t\t<svg xmlns=\"https:\/\/www.w3.org\/2000\/svg\" viewBox= \"0 0 448 512\" role=\"graphics-symbol\" aria-hidden=\"false\" aria-label=\"\"><path d=\"M96 224C84.72 224 74.05 226.3 64 229.9V224c0-35.3 28.7-64 64-64c17.67 0 32-14.33 32-32S145.7 96 128 96C57.42 96 0 153.4 0 224v96c0 53.02 42.98 96 96 96s96-42.98 96-96S149 224 96 224zM352 224c-11.28 0-21.95 2.305-32 5.879V224c0-35.3 28.7-64 64-64c17.67 0 32-14.33 32-32s-14.33-32-32-32c-70.58 0-128 57.42-128 128v96c0 53.02 42.98 96 96 96s96-42.98 96-96S405 224 352 224z\"><\/path><\/svg>\n\t\t\t\t\t\t\t\t\t<\/span>\n\t\t\t\t\t\t\t<\/div>\n\t\t\t\n\n\n<div class=\"wp-block-uagb-testimonial uagb-slick-carousel uagb-tm__arrow-outside uagb-block-cadb7bd5 uagb-post__carousel_notset uagb-post__carousel_notset-tablet uagb-post__carousel_notset-mobile\"><div class=\"is-carousel uagb-tm__columns-1 uagb-tm__items\"><div class=\"uagb-testimonial__wrap  uagb-tm__imgicon-style-circle uagb-tm__image-position-bottom uagb-tm__bg-type-none \"><div class=\"uagb-tm__content\"><div class=\"uagb-tm__overlay\"><\/div><div class=\"uagb-tm__text-wrap\"><div class=\"uagb-tm__desc\">Con los cambios y el ritmo acelerado de la vida siempre descuido mi alimentaci\u00f3n y comenc\u00e9 a tomar el fitoplancton, en verdad pens\u00e9 que no iba a marca una diferencia, pero si. Tengo mejor energ\u00eda, mejoro mi digesti\u00f3n, incluso hasta lo que me sorprendi\u00f3 es que me dejaron de dar ganas de comer panecillos o dulces entre comidas. Eso si no lo cre\u00eda, pero es el efecto que noto despu\u00e9s de consumirlo. tambi\u00e9n me dicen que es porque siempre consumo agua y que gracias a eso los cambios se ven m\u00e1s r\u00e1pido. Bueno he perdido solo kilos. Me han dicho que es por la limpieza del intestino que realiza y si se nota.<\/div><div class=\"uagb-tm__meta-inner\"><div class=\"uagb-tm__image-content\"><div class=\"uagb-tm__image\"><img decoding=\"async\" class=\"uagb-tm-img-src\" src=\"https:\/\/fitoplacton.shop\/wp-content\/uploads\/2025\/09\/ppaginaweb-e1757006087408.png\" alt=\"ppaginaweb\" width=\"40\" height=\"34\" loading=\"lazy\" title=\"INICIO\"><\/div><\/div><div class=\"uagb-testimonial-details\"><span class=\"uagb-tm__author-name\">Juan Carlos <\/span><span class=\"uagb-tm__company\">Company Name<\/span><\/div><\/div><\/div><\/div><\/div><\/div><\/div>\n<\/div>\n<\/div>\n<\/div><\/div>\n\n\n\n<div class=\"wp-block-uagb-container uagb-block-0d75ef3a alignfull uagb-is-root-container\"><div class=\"uagb-container-inner-blocks-wrap\">\n<div class=\"wp-block-uagb-info-box uagb-block-32b85e80 uagb-infobox__content-wrap  uagb-infobox-icon-above-title uagb-infobox-image-valign-top\"><div class=\"uagb-ifb-content\"><div class=\"uagb-ifb-title-wrap\"><h6 class=\"uagb-ifb-title-prefix\">tradicion natura<\/h6><h3 class=\"uagb-ifb-title\">FITOPLANCTON<\/h3><\/div><p class=\"uagb-ifb-desc\">El fitoplacton contribuye a mejorar r\u00e1pidamente la salud del ser humano porque aporta nutrientes extraordinarios e indispensables para su desarrollo.<br><br>La toma de agua es esencial y b\u00e1sica para mejor nuestra salud, cuando consuma fitoplancton, aseg\u00farate de tener una buena hidrataci\u00f3n.<\/p><div class=\"uagb-ifb-button-wrapper wp-block-button\"><a href=\"https:\/\/fitoplacton.shop\/?product=fitoplacton\" class=\"uagb-infobox-cta-link wp-block-button__link\" target=\"_blank\" rel=\"noopener noreferrer\" onclick=\"return true;\"><span class=\"uagb-inline-editing\">Enciende tu vida.<\/span><\/a><\/div><\/div><\/div>\n<\/div><\/div>\n\n\n\n<div class=\"wp-block-uagb-container uagb-layout-flex uagb-block-aa5ede74 alignfull uagb-is-root-container\"><div class=\"uagb-container-inner-blocks-wrap\">\n<div class=\"wp-block-uagb-info-box uagb-block-553f2ea7 uagb-infobox__content-wrap  uagb-infobox-icon-left uagb-infobox-left uagb-infobox-stacked-mobile uagb-infobox-image-valign-top wp-block-uagb-info-box--has-margin\"><div class=\"uagb-infobox-margin-wrapper\"><div class=\"uagb-ifb-icon-wrap\"><div class=\"uagb-iconbox-icon-wrap uagb-infobox-shape-circle\"><svg xmlns=\"https:\/\/www.w3.org\/2000\/svg\" viewBox=\"0 0 448 512\"><path d=\"M80 192V144C80 64.47 144.5 0 224 0C303.5 0 368 64.47 368 144V192H384C419.3 192 448 220.7 448 256V448C448 483.3 419.3 512 384 512H64C28.65 512 0 483.3 0 448V256C0 220.7 28.65 192 64 192H80zM144 192H304V144C304 99.82 268.2 64 224 64C179.8 64 144 99.82 144 144V192z\"><\/path><\/svg><\/div><\/div><div class=\"uagb-ifb-content\"><div class=\"uagb-ifb-title-wrap\"><h5 class=\"uagb-ifb-title\">pagos completamente seguros<\/h5><\/div><p class=\"uagb-ifb-desc\">Usando tarjeta d\u00e9bito o cr\u00e9dito.<\/p><\/div><\/div><\/div>\n\n\n\n<div class=\"wp-block-uagb-info-box uagb-block-2e5e0380 uagb-infobox__content-wrap  uagb-infobox-icon-left uagb-infobox-left uagb-infobox-stacked-mobile uagb-infobox-image-valign-top wp-block-uagb-info-box--has-margin\"><div class=\"uagb-infobox-margin-wrapper\"><div class=\"uagb-ifb-icon-wrap\"><div class=\"uagb-iconbox-icon-wrap uagb-infobox-shape-circle\"><svg xmlns=\"https:\/\/www.w3.org\/2000\/svg\" viewBox=\"0 0 448 512\"><path d=\"M50.73 58.53C58.86 42.27 75.48 32 93.67 32H208V160H0L50.73 58.53zM240 160V32H354.3C372.5 32 389.1 42.27 397.3 58.53L448 160H240zM448 416C448 451.3 419.3 480 384 480H64C28.65 480 0 451.3 0 416V192H448V416z\"><\/path><\/svg><\/div><\/div><div class=\"uagb-ifb-content\"><div class=\"uagb-ifb-title-wrap\"><h5 class=\"uagb-ifb-title\">entregas a todo mexico<\/h5><\/div><p class=\"uagb-ifb-desc\">Seguimos y cuidamos sus env\u00edos.<\/p><\/div><\/div><\/div>\n\n\n\n<div class=\"wp-block-uagb-info-box uagb-block-738e8b14 uagb-infobox__content-wrap  uagb-infobox-icon-left uagb-infobox-left uagb-infobox-stacked-mobile uagb-infobox-image-valign-top wp-block-uagb-info-box--has-margin\"><div class=\"uagb-infobox-margin-wrapper\"><div class=\"uagb-ifb-icon-wrap\"><div class=\"uagb-iconbox-icon-wrap uagb-infobox-shape-circle\"><svg xmlns=\"https:\/\/www.w3.org\/2000\/svg\" viewBox=\"0 0 576 512\"><path d=\"M275.2 250.5c7 7.375 18.5 7.375 25.5 0l108.1-114.2c31.5-33.12 29.72-88.1-5.65-118.7c-30.88-26.75-76.75-21.9-104.9 7.724L287.1 36.91L276.8 25.28C248.7-4.345 202.7-9.194 171.1 17.56C136.7 48.18 134.7 103.2 166.4 136.3L275.2 250.5zM568.2 336.3c-13.12-17.81-38.14-21.66-55.93-8.469l-119.7 88.17h-120.6c-8.748 0-15.1-7.25-15.1-15.1c0-8.746 7.25-15.1 15.1-15.1h78.25c15.1 0 30.75-10.87 33.37-26.62c3.25-19.1-12.12-37.37-31.62-37.37H191.1c-26.1 0-53.12 9.25-74.12 26.25l-46.5 37.74l-55.37-.0253c-8.748 0-15.1 7.275-15.1 16.02L.0001 496C.0001 504.8 7.251 512 15.1 512h346.1c22.03 0 43.92-7.187 61.7-20.28l135.1-99.51C577.5 379.1 581.3 354.1 568.2 336.3z\"><\/path><\/svg><\/div><\/div><div class=\"uagb-ifb-content\"><div class=\"uagb-ifb-title-wrap\"><h5 class=\"uagb-ifb-title\">Excellent Servicio<\/h5><\/div><p class=\"uagb-ifb-desc\">Amamos la vida.<\/p><\/div><\/div><\/div>\n<\/div><\/div>\n\n\n\n<p><\/p>\n","protected":false},"excerpt":{"rendered":"<p>Poderosa microalga que produce el planeta desde hace m\u00e1s de 3000 millones de a\u00f1os es la base de la vida oce\u00e1nica, transforma el CO2 en ox\u00edgeno es responsable de generar el latido del coraz\u00f3n de nuestro planeta, manteniendo as\u00ed toda la vida. Lo que dicen nuestros clientes:<\/p>\n","protected":false},"author":1,"featured_media":2070,"parent":0,"menu_order":0,"comment_status":"closed","ping_status":"closed","template":"","meta":{"_uag_custom_page_level_css":"","site-sidebar-layout":"no-sidebar","site-content-layout":"plain-container","ast-site-content-layout":"normal-width-container","site-content-style":"unboxed","site-sidebar-style":"unboxed","ast-global-header-display":"","ast-banner-title-visibility":"","ast-main-header-display":"","ast-hfb-above-header-display":"","ast-hfb-below-header-display":"","ast-hfb-mobile-header-display":"","site-post-title":"disabled","ast-breadcrumbs-content":"","ast-featured-img":"disabled","footer-sml-layout":"","theme-transparent-header-meta":"enabled","adv-header-id-meta":"","stick-header-meta":"","header-above-stick-meta":"","header-main-stick-meta":"","header-below-stick-meta":"","astra-migrate-meta-layouts":"set","ast-page-background-enabled":"default","ast-page-background-meta":{"desktop":{"background-color":"var(--ast-global-color-4)","background-image":"","background-repeat":"repeat","background-position":"center center","background-size":"auto","background-attachment":"scroll","background-type":"","background-media":"","overlay-type":"","overlay-color":"","overlay-opacity":"","overlay-gradient":""},"tablet":{"background-color":"","background-image":"","background-repeat":"repeat","background-position":"center center","background-size":"auto","background-attachment":"scroll","background-type":"","background-media":"","overlay-type":"","overlay-color":"","overlay-opacity":"","overlay-gradient":""},"mobile":{"background-color":"","background-image":"","background-repeat":"repeat","background-position":"center center","background-size":"auto","background-attachment":"scroll","background-type":"","background-media":"","overlay-type":"","overlay-color":"","overlay-opacity":"","overlay-gradient":""}},"ast-content-background-meta":{"desktop":{"background-color":"var(--ast-global-color-5)","background-image":"","background-repeat":"repeat","background-position":"center center","background-size":"auto","background-attachment":"scroll","background-type":"","background-media":"","overlay-type":"","overlay-color":"","overlay-opacity":"","overlay-gradient":""},"tablet":{"background-color":"var(--ast-global-color-5)","background-image":"","background-repeat":"repeat","background-position":"center center","background-size":"auto","background-attachment":"scroll","background-type":"","background-media":"","overlay-type":"","overlay-color":"","overlay-opacity":"","overlay-gradient":""},"mobile":{"background-color":"var(--ast-global-color-5)","background-image":"","background-repeat":"repeat","background-position":"center center","background-size":"auto","background-attachment":"scroll","background-type":"","background-media":"","overlay-type":"","overlay-color":"","overlay-opacity":"","overlay-gradient":""}},"footnotes":""},"class_list":["post-1008","page","type-page","status-publish","has-post-thumbnail","hentry"],"uagb_featured_image_src":{"full":["https:\/\/fitoplacton.shop\/wp-content\/uploads\/2025\/09\/fito.jpg",1094,1022,false],"thumbnail":["https:\/\/fitoplacton.shop\/wp-content\/uploads\/2025\/09\/fito-150x150.jpg",150,150,true],"medium":["https:\/\/fitoplacton.shop\/wp-content\/uploads\/2025\/09\/fito-300x280.jpg",300,280,true],"medium_large":["https:\/\/fitoplacton.shop\/wp-content\/uploads\/2025\/09\/fito-768x717.jpg",768,717,true],"large":["https:\/\/fitoplacton.shop\/wp-content\/uploads\/2025\/09\/fito-1024x957.jpg",1024,957,true],"1536x1536":["https:\/\/fitoplacton.shop\/wp-content\/uploads\/2025\/09\/fito.jpg",1094,1022,false],"2048x2048":["https:\/\/fitoplacton.shop\/wp-content\/uploads\/2025\/09\/fito.jpg",1094,1022,false],"woocommerce_thumbnail":["https:\/\/fitoplacton.shop\/wp-content\/uploads\/2025\/09\/fito-300x300.jpg",300,300,true],"woocommerce_single":["https:\/\/fitoplacton.shop\/wp-content\/uploads\/2025\/09\/fito-600x561.jpg",600,561,true],"woocommerce_gallery_thumbnail":["https:\/\/fitoplacton.shop\/wp-content\/uploads\/2025\/09\/fito-100x100.jpg",100,100,true]},"uagb_author_info":{"display_name":"Tradici\u00f3n Natural","author_link":"https:\/\/fitoplacton.shop\/?author=1"},"uagb_comment_info":0,"uagb_excerpt":"Poderosa microalga que produce el planeta desde hace m\u00e1s de 3000 millones de a\u00f1os es la base de la vida oce\u00e1nica, transforma el CO2 en ox\u00edgeno es responsable de generar el latido del coraz\u00f3n de nuestro planeta, manteniendo as\u00ed toda la vida. Lo que dicen nuestros clientes:","_links":{"self":[{"href":"https:\/\/fitoplacton.shop\/index.php?rest_route=\/wp\/v2\/pages\/1008","targetHints":{"allow":["GET"]}}],"collection":[{"href":"https:\/\/fitoplacton.shop\/index.php?rest_route=\/wp\/v2\/pages"}],"about":[{"href":"https:\/\/fitoplacton.shop\/index.php?rest_route=\/wp\/v2\/types\/page"}],"author":[{"embeddable":true,"href":"https:\/\/fitoplacton.shop\/index.php?rest_route=\/wp\/v2\/users\/1"}],"replies":[{"embeddable":true,"href":"https:\/\/fitoplacton.shop\/index.php?rest_route=%2Fwp%2Fv2%2Fcomments&post=1008"}],"version-history":[{"count":21,"href":"https:\/\/fitoplacton.shop\/index.php?rest_route=\/wp\/v2\/pages\/1008\/revisions"}],"predecessor-version":[{"id":2264,"href":"https:\/\/fitoplacton.shop\/index.php?rest_route=\/wp\/v2\/pages\/1008\/revisions\/2264"}],"wp:featuredmedia":[{"embeddable":true,"href":"https:\/\/fitoplacton.shop\/index.php?rest_route=\/wp\/v2\/media\/2070"}],"wp:attachment":[{"href":"https:\/\/fitoplacton.shop\/index.php?rest_route=%2Fwp%2Fv2%2Fmedia&parent=1008"}],"curies":[{"name":"wp","href":"https:\/\/api.w.org\/{rel}","templated":true}]}}